{"id":8,"date":"2019-01-20T23:38:53","date_gmt":"2019-01-20T23:38:53","guid":{"rendered":"https:\/\/www.easy-re.com\/guide2\/?page_id=8"},"modified":"2020-01-14T14:47:39","modified_gmt":"2020-01-14T14:47:39","slug":"guide-ile-de-re","status":"publish","type":"page","link":"https:\/\/www.easy-re.com\/guide\/","title":{"rendered":"Guide Ile de R\u00e9"},"content":{"rendered":"\n<p>Bienvenue sur notre guide de l&rsquo;Ile de R\u00e9. Dans cette section nous vous invitons \u00e0 d\u00e9couvrir notre ch\u00e8re \u00eele. Ile de caract\u00e8re, destination privil\u00e9gi\u00e9e, voici un premier voyage sur R\u00e9 la Blanche avant le vrai voyage !<\/p>\n\n\n\n<figure class=\"wp-block-image\"><img loading=\"lazy\" width=\"1024\" height=\"274\" src=\"https:\/\/www.easy-re.com\/guide\/images\/port-de-saint-martin-de-re-1024x274.jpg\" alt=\"Guide de l'Ile de R\u00e9 : le port de Saint-Martin-de-R\u00e9\" class=\"wp-image-449\" srcset=\"https:\/\/www.easy-re.com\/guide\/images\/port-de-saint-martin-de-re-1024x274.jpg 1024w, https:\/\/www.easy-re.com\/guide\/images\/port-de-saint-martin-de-re-300x80.jpg 300w, https:\/\/www.easy-re.com\/guide\/images\/port-de-saint-martin-de-re.jpg 2000w\" sizes=\"(max-width: 1024px) 100vw, 1024px\" \/><figcaption>Notre guide de l&rsquo;Ile de R\u00e9 : le port de Saint-Martin-de-R\u00e9<\/figcaption><\/figure>\n\n\n\n<p>L&rsquo;\u00eele de R\u00e9 est sch\u00e9matiquement divis\u00e9e en deux parties dans sa longueur : la c\u00f4te Nord et la c\u00f4te Sud. La c\u00f4te Sud est orient\u00e9e face \u00e0 l&rsquo;Oc\u00e9an. Elle compte de nombreuses plages sauvages et for\u00eats de pins. Elle est privil\u00e9gi\u00e9e par les surfeurs et par les amateurs de plage en famille. Souvent il est possible de louer des villas avec jardins et piscine proches de la plage. La c\u00f4te Nord est plut\u00f4t compos\u00e9e de villages attractifs pour leurs restaurants et leurs venelles fleuries. Deux ambiances diff\u00e9rentes mais compl\u00e9mentaires.<\/p>\n\n\n\n<p>Suivez le guide !<\/p>\n\n\n\n<h2>Une visite de l&rsquo;Ile de R\u00e9<\/h2>\n\n\n\n<p>Les dix villages de l&rsquo;ile de R\u00e9 sont \u00e9galement tr\u00e8s diff\u00e9rents. Tous poss\u00e8dent leur march\u00e9 ext\u00e9rieur ouvert tous les jours l&rsquo;\u00e9t\u00e9. Les ambiances y sont tr\u00e8s diff\u00e9rentes : le march\u00e9 m\u00e9di\u00e9val de La Flotte s&rsquo;\u00e9tale \u00e0 l&rsquo;int\u00e9rieur d&rsquo;une halle carr\u00e9e, le march\u00e9 du Bois-Plage s&rsquo;\u00e9tend sur une partie couverte et sur la place du village et le march\u00e9  de Saint-Martin-de-R\u00e9 est \u00e0 proximit\u00e9 imm\u00e9diate du port.<\/p>\n\n\n\n<p><\/p>\n\n\n\n<div class=\"wp-block-image\"><figure class=\"aligncenter\"><img loading=\"lazy\" width=\"327\" height=\"187\" src=\"https:\/\/www.easy-re.com\/guide\/images\/guide-ile-de-re.jpg\" alt=\"Guide de l'Ile de R\u00e9 easy-R\u00e9\" class=\"wp-image-573\" srcset=\"https:\/\/www.easy-re.com\/guide\/images\/guide-ile-de-re.jpg 327w, https:\/\/www.easy-re.com\/guide\/images\/guide-ile-de-re-300x172.jpg 300w\" sizes=\"(max-width: 327px) 100vw, 327px\" \/><figcaption>Notre guide de l&rsquo;Ile de R\u00e9 vous permet de d\u00e9couvrir votre lieu de vacances<\/figcaption><\/figure><\/div>\n\n\n\n<p>Nous vous proposons dans cette section des textes et photos de l&rsquo;Ile de R\u00e9. Veuillez choisir un point dans dans la liste \u00e0 gauche pour commencer. <\/p>\n\n\n\n<p>Bonne visite ! Et \u00e0 bient\u00f4t sur l&rsquo;Ile de R\u00e9.<\/p>\n","protected":false},"excerpt":{"rendered":"<p>Bienvenue sur notre guide de l&rsquo;Ile de R\u00e9. Dans cette section nous vous invitons \u00e0 d\u00e9couvrir notre ch\u00e8re \u00eele. Ile de caract\u00e8re, destination privil\u00e9gi\u00e9e, voici un premier voyage sur R\u00e9 la Blanche avant le vrai voyage ! L&rsquo;\u00eele de R\u00e9 est sch\u00e9matiquement divis\u00e9e en deux parties dans sa longueur : la c\u00f4te Nord et la <a href=\"https:\/\/www.easy-re.com\/guide\/\" class=\"more-link\">&#8230;<\/a><\/p>\n","protected":false},"author":1,"featured_media":0,"parent":0,"menu_order":0,"comment_status":"closed","ping_status":"closed","template":"","meta":[],"_links":{"self":[{"href":"https:\/\/www.easy-re.com\/guide\/wp-json\/wp\/v2\/pages\/8"}],"collection":[{"href":"https:\/\/www.easy-re.com\/guide\/wp-json\/wp\/v2\/pages"}],"about":[{"href":"https:\/\/www.easy-re.com\/guide\/wp-json\/wp\/v2\/types\/page"}],"author":[{"embeddable":true,"href":"https:\/\/www.easy-re.com\/guide\/wp-json\/wp\/v2\/users\/1"}],"replies":[{"embeddable":true,"href":"https:\/\/www.easy-re.com\/guide\/wp-json\/wp\/v2\/comments?post=8"}],"version-history":[{"count":10,"href":"https:\/\/www.easy-re.com\/guide\/wp-json\/wp\/v2\/pages\/8\/revisions"}],"predecessor-version":[{"id":574,"href":"https:\/\/www.easy-re.com\/guide\/wp-json\/wp\/v2\/pages\/8\/revisions\/574"}],"wp:attachment":[{"href":"https:\/\/www.easy-re.com\/guide\/wp-json\/wp\/v2\/media?parent=8"}],"curies":[{"name":"wp","href":"https:\/\/api.w.org\/{rel}","templated":true}]}}